{"id":9478,"date":"2026-01-19T09:15:33","date_gmt":"2026-01-19T08:15:33","guid":{"rendered":"https:\/\/staging1.rkp-marketing.at\/?page_id=9478"},"modified":"2026-03-24T09:58:05","modified_gmt":"2026-03-24T08:58:05","slug":"barrierefreiheit","status":"publish","type":"page","link":"https:\/\/staging1.rkp-marketing.at\/en\/barrierefreiheit\/","title":{"rendered":"Accessibility"},"content":{"rendered":"<p>We are endeavouring to bring our website into line with the <strong>Web Accessibility Act<\/strong> as well as the <strong>Directive (EU) 2016\/2102<\/strong> making it accessible. We are guided by the requirements of <strong>Web Content Accessibility Guidelines (WCAG) 2.2<\/strong>, AA level of conformance.<\/p>\n\n\n\n<h4 class=\"wp-block-heading\">Status of compatibility with the requirements<\/h4>\n\n\n\n<p>This website largely meets the requirements of the <strong>WCAG 2.2, Level AA<\/strong>, agreed. However, isolated incompatibilities may still exist, and we are continuously working to resolve them.<\/p>\n\n\n\n<h4 class=\"wp-block-heading\">Non-accessible content<\/h4>\n\n\n\n<p>The content listed below is not fully accessible for the following reasons:<\/p>\n\n\n\n<ul class=\"wp-block-list\">\n<li>Individual images or graphics may have incomplete alternative text, but this is largely because they do not offer any additional value to the user.<\/li>\n\n\n\n<li>In certain areas, full keyboard operability may be restricted<\/li>\n\n\n\n<li>In certain areas, the contrast ratio may be perceived as low<\/li>\n<\/ul>\n\n\n\n<p>Wir sind bem\u00fcht, diese M\u00e4ngel schrittweise zu beheben.<\/p>\n\n\n\n<h4 class=\"wp-block-heading\">Drafting the statement<\/h4>\n\n\n\n<p>This declaration was created on 24\/03\/2026 and is based on a self-assessment of the website.<br>Last reviewed on: 24\/03\/2026<\/p>\n\n\n\n<h4 class=\"wp-block-heading\">Feedback and contact<\/h4>\n\n\n\n<p>If you notice any barriers or require information about inaccessible content, please contact us:<\/p>\n\n\n\n<ul class=\"wp-block-list\">\n<li>E-Mail: <a href=\"mailto:office@dup-projekt.at\">office@dup-projekt.at<\/a><\/li>\n\n\n\n<li>Telephone <a href=\"tel:+433338401010\" class=\"\">+43 3338 40 10 10<\/a><\/li>\n<\/ul>\n\n\n\n<p>We will review your request and get back to you as soon as possible.<\/p>\n\n\n\n<h4 class=\"wp-block-heading\">Enforcement proceedings<\/h4>\n\n\n\n<p>If you are not satisfied with the responses received through the aforementioned contact method, you can submit a complaint to the complaints department of the Austrian Research Promotion Agency (FFG).<\/p>\n\n\n\n<p>Contact<\/p>\n\n\n\n<ul class=\"wp-block-list\">\n<li>Website: <a href=\"https:\/\/www.ffg.at\/barrierefreiheit\/beschwerdestelle\">https:\/\/www.ffg.at\/barrierefreiheit\/beschwerdestelle<\/a><\/li>\n\n\n\n<li>E-Mail: <a>barrierefreiheit@ffg.at<\/a><\/li>\n<\/ul>\n\n\n\n<p>The FFG is checking whether this is a violation of the requirements of the Web Accessibility Act and will issue recommendations for action if necessary.<\/p>","protected":false},"excerpt":{"rendered":"<p>Wir sind bem\u00fcht, unsere Website im Einklang mit dem Web-Zug\u00e4nglichkeits-Gesetz (WZG) sowie der Richtlinie (EU) 2016\/2102 barrierefrei zug\u00e4nglich zu machen. Dabei orientieren wir uns an den Anforderungen der Web Content Accessibility Guidelines (WCAG) 2.2, Konformit\u00e4tsstufe AA. Stand der Vereinbarkeit mit den Anforderungen Diese Website ist gr\u00f6\u00dftenteils mit den Anforderungen der WCAG 2.2, Stufe AA, vereinbar. &hellip;<\/p>","protected":false},"author":1,"featured_media":0,"parent":0,"menu_order":0,"comment_status":"closed","ping_status":"closed","template":"","meta":{"_acf_changed":false,"footnotes":""},"class_list":["post-9478","page","type-page","status-publish","hentry"],"acf":[],"_links":{"self":[{"href":"https:\/\/staging1.rkp-marketing.at\/en\/wp-json\/wp\/v2\/pages\/9478","targetHints":{"allow":["GET"]}}],"collection":[{"href":"https:\/\/staging1.rkp-marketing.at\/en\/wp-json\/wp\/v2\/pages"}],"about":[{"href":"https:\/\/staging1.rkp-marketing.at\/en\/wp-json\/wp\/v2\/types\/page"}],"author":[{"embeddable":true,"href":"https:\/\/staging1.rkp-marketing.at\/en\/wp-json\/wp\/v2\/users\/1"}],"replies":[{"embeddable":true,"href":"https:\/\/staging1.rkp-marketing.at\/en\/wp-json\/wp\/v2\/comments?post=9478"}],"version-history":[{"count":2,"href":"https:\/\/staging1.rkp-marketing.at\/en\/wp-json\/wp\/v2\/pages\/9478\/revisions"}],"predecessor-version":[{"id":10132,"href":"https:\/\/staging1.rkp-marketing.at\/en\/wp-json\/wp\/v2\/pages\/9478\/revisions\/10132"}],"wp:attachment":[{"href":"https:\/\/staging1.rkp-marketing.at\/en\/wp-json\/wp\/v2\/media?parent=9478"}],"curies":[{"name":"what","href":"https:\/\/api.w.org\/{rel}","templated":true}]}}